{"id":19,"date":"2025-03-20T12:05:13","date_gmt":"2025-03-20T12:05:13","guid":{"rendered":"https:\/\/friosistemas.rkinformatika.online\/?page_id=19"},"modified":"2025-04-07T13:55:36","modified_gmt":"2025-04-07T13:55:36","slug":"inicio","status":"publish","type":"page","link":"https:\/\/friosistemas.es\/en\/","title":{"rendered":"Home"},"content":{"rendered":"<div data-elementor-type=\"wp-page\" data-elementor-id=\"19\" class=\"elementor elementor-19\" data-elementor-post-type=\"page\">\n\t\t\t\t<div class=\"elementor-element elementor-element-a7e0f09 e-con-full e-flex e-con e-parent\" data-id=\"a7e0f09\" data-element_type=\"container\" data-e-type=\"container\" data-settings=\"{&quot;background_background&quot;:&quot;classic&quot;}\">\n\t\t<div class=\"elementor-element elementor-element-b1fa67f e-con-full e-flex e-con e-child\" data-id=\"b1fa67f\" data-element_type=\"container\" data-e-type=\"container\" data-settings=\"{&quot;background_background&quot;:&quot;classic&quot;}\">\n\t\t\t\t<div class=\"elementor-element elementor-element-0192b68 elementor-widget elementor-widget-heading\" data-id=\"0192b68\" data-element_type=\"widget\" data-e-type=\"widget\" data-widget_type=\"heading.default\">\n\t\t\t\t<div class=\"elementor-widget-container\">\n\t\t\t\t\t<h2 class=\"elementor-heading-title elementor-size-default\">WELCOME TO <strong>FR\u00cdO SISTEMAS<\/strong>!<\/h2>\t\t\t\t<\/div>\n\t\t\t\t<\/div>\n\t\t\t\t<\/div>\n\t\t\t\t<\/div>\n\t\t\t\t<section class=\"elementor-section elementor-top-section elementor-element elementor-element-4eaa9594 elementor-section-content-middle elementor-section-boxed elementor-section-height-default elementor-section-height-default\" data-id=\"4eaa9594\" data-element_type=\"section\" data-e-type=\"section\" data-settings=\"{&quot;background_background&quot;:&quot;classic&quot;}\">\n\t\t\t\t\t\t\t<div class=\"elementor-background-overlay\"><\/div>\n\t\t\t\t\t\t\t<div class=\"elementor-container elementor-column-gap-no\">\n\t\t\t\t\t<div class=\"elementor-column elementor-col-100 elementor-top-column elementor-element elementor-element-5be7adb3\" data-id=\"5be7adb3\" data-element_type=\"column\" data-e-type=\"column\" data-settings=\"{&quot;background_background&quot;:&quot;classic&quot;}\">\n\t\t\t<div class=\"elementor-widget-wrap elementor-element-populated\">\n\t\t\t\t\t\t<section class=\"elementor-section elementor-inner-section elementor-element elementor-element-7e74c3d5 elementor-section-content-middle elementor-reverse-tablet elementor-section-boxed elementor-section-height-default elementor-section-height-default\" data-id=\"7e74c3d5\" data-element_type=\"section\" data-e-type=\"section\">\n\t\t\t\t\t\t<div class=\"elementor-container elementor-column-gap-wider\">\n\t\t\t\t\t<div class=\"elementor-column elementor-col-50 elementor-inner-column elementor-element elementor-element-2c00e4db\" data-id=\"2c00e4db\" data-element_type=\"column\" data-e-type=\"column\">\n\t\t\t<div class=\"elementor-widget-wrap elementor-element-populated\">\n\t\t\t\t\t\t<div class=\"elementor-element elementor-element-7eeed56c elementor-widget elementor-widget-image\" data-id=\"7eeed56c\" data-element_type=\"widget\" data-e-type=\"widget\" data-widget_type=\"image.default\">\n\t\t\t\t<div class=\"elementor-widget-container\">\n\t\t\t\t\t\t\t\t\t\t\t\t\t\t\t<img decoding=\"async\" src=\"https:\/\/friosistemas.es\/wp-content\/uploads\/elementor\/thumbs\/IMAGEN-Silvana-Gomezjurado-2-r356gyyz0q4bpima91wqicqbejluvdnjc5rwbil9p4.jpeg\" title=\"\" alt=\"\" loading=\"lazy\" \/>\t\t\t\t\t\t\t\t\t\t\t\t\t\t\t<\/div>\n\t\t\t\t<\/div>\n\t\t\t\t\t<\/div>\n\t\t<\/div>\n\t\t\t\t<div class=\"elementor-column elementor-col-50 elementor-inner-column elementor-element elementor-element-357d7efa\" data-id=\"357d7efa\" data-element_type=\"column\" data-e-type=\"column\">\n\t\t\t<div class=\"elementor-widget-wrap elementor-element-populated\">\n\t\t\t\t\t\t<div class=\"elementor-element elementor-element-129910ef animated-slow elementor-widget__width-initial elementor-invisible elementor-widget elementor-widget-heading\" data-id=\"129910ef\" data-element_type=\"widget\" data-e-type=\"widget\" data-settings=\"{&quot;_animation&quot;:&quot;fadeInUp&quot;,&quot;_animation_delay&quot;:100}\" data-widget_type=\"heading.default\">\n\t\t\t\t<div class=\"elementor-widget-container\">\n\t\t\t\t\t<h4 class=\"elementor-heading-title elementor-size-default\">Who We Are<\/h4>\t\t\t\t<\/div>\n\t\t\t\t<\/div>\n\t\t\t\t<div class=\"elementor-element elementor-element-1b20ea18 elementor-invisible elementor-widget elementor-widget-text-editor\" data-id=\"1b20ea18\" data-element_type=\"widget\" data-e-type=\"widget\" data-settings=\"{&quot;_animation&quot;:&quot;fadeIn&quot;}\" data-widget_type=\"text-editor.default\">\n\t\t\t\t<div class=\"elementor-widget-container\">\n\t\t\t\t\t\t\t\t\t<div class=\"ds-markdown ds-markdown--block\"><p>With over 40 years of experience in the HVAC industry, we provide comprehensive and customized solutions for industrial, commercial, and residential projects. We specialize in the sale, installation, maintenance, and repair of HVAC systems, including air conditioners, refrigeration chambers, ventilation, and thermal pre-installations.<\/p><p>Our commitment is to provide you with efficient, sustainable solutions tailored to your needs, ensuring maximum satisfaction in every project. Trust us to find the best options in high-efficiency equipment, such as water cooling systems (chillers), aerothermal systems, solar panels, and more.<\/p><p>At Fr\u00edo Sistemas, your comfort is our priority. Contact us and discover how we can help you!<\/p><\/div>\t\t\t\t\t\t\t\t<\/div>\n\t\t\t\t<\/div>\n\t\t\t\t\t<\/div>\n\t\t<\/div>\n\t\t\t\t\t<\/div>\n\t\t<\/section>\n\t\t\t\t\t<\/div>\n\t\t<\/div>\n\t\t\t\t\t<\/div>\n\t\t<\/section>\n\t\t\t\t<\/div>","protected":false},"excerpt":{"rendered":"<p>\u00a1BIENVENIDO A FR\u00cdO SISTEMAS! Qui\u00e9nes Somos Con m\u00e1s de 40 a\u00f1os de experiencia en el sector de la climatizaci\u00f3n, ofrecemos soluciones integrales y personalizadas para proyectos industriales, comerciales y dom\u00e9sticos. Nos especializamos en la venta, instalaci\u00f3n, mantenimiento y reparaci\u00f3n de sistemas de climatizaci\u00f3n, incluyendo aires acondicionados, c\u00e1maras frigor\u00edficas, ventilaci\u00f3n y preinstalaciones t\u00e9rmicas. Nuestro compromiso es [&hellip;]<\/p>\n","protected":false},"author":1,"featured_media":0,"parent":0,"menu_order":0,"comment_status":"closed","ping_status":"closed","template":"elementor_canvas","meta":{"footnotes":""},"class_list":["post-19","page","type-page","status-publish","hentry"],"yoast_head":"<!-- This site is optimized with the Yoast SEO plugin v27.5 - https:\/\/yoast.com\/product\/yoast-seo-wordpress\/ -->\n<title>Inicio - FRIO SISTEMAS<\/title>\n<meta name=\"robots\" content=\"index, follow, max-snippet:-1, max-image-preview:large, max-video-preview:-1\" \/>\n<link rel=\"canonical\" href=\"https:\/\/friosistemas.es\/en\/\" \/>\n<meta property=\"og:locale\" content=\"en_GB\" \/>\n<meta property=\"og:type\" content=\"article\" \/>\n<meta property=\"og:title\" content=\"Inicio - FRIO SISTEMAS\" \/>\n<meta property=\"og:description\" content=\"\u00a1BIENVENIDO A FR\u00cdO SISTEMAS! Qui\u00e9nes Somos Con m\u00e1s de 40 a\u00f1os de experiencia en el sector de la climatizaci\u00f3n, ofrecemos soluciones integrales y personalizadas para proyectos industriales, comerciales y dom\u00e9sticos. Nos especializamos en la venta, instalaci\u00f3n, mantenimiento y reparaci\u00f3n de sistemas de climatizaci\u00f3n, incluyendo aires acondicionados, c\u00e1maras frigor\u00edficas, ventilaci\u00f3n y preinstalaciones t\u00e9rmicas. Nuestro compromiso es [&hellip;]\" \/>\n<meta property=\"og:url\" content=\"https:\/\/friosistemas.es\/en\/\" \/>\n<meta property=\"og:site_name\" content=\"FRIO SISTEMAS\" \/>\n<meta property=\"article:modified_time\" content=\"2025-04-07T13:55:36+00:00\" \/>\n<meta property=\"og:image\" content=\"https:\/\/friosistemas.es\/wp-content\/uploads\/elementor\/thumbs\/IMAGEN-Silvana-Gomezjurado-2-r356gyyz0q4bpima91wqicqbejluvdnjc5rwbil9p4.jpeg\" \/>\n<meta name=\"twitter:card\" content=\"summary_large_image\" \/>\n<meta name=\"twitter:label1\" content=\"Estimated reading time\" \/>\n\t<meta name=\"twitter:data1\" content=\"1 minute\" \/>\n<script type=\"application\/ld+json\" class=\"yoast-schema-graph\">{\"@context\":\"https:\\\/\\\/schema.org\",\"@graph\":[{\"@type\":\"WebPage\",\"@id\":\"https:\\\/\\\/friosistemas.es\\\/\",\"url\":\"https:\\\/\\\/friosistemas.es\\\/\",\"name\":\"Inicio - FRIO SISTEMAS\",\"isPartOf\":{\"@id\":\"https:\\\/\\\/friosistemas.es\\\/#website\"},\"primaryImageOfPage\":{\"@id\":\"https:\\\/\\\/friosistemas.es\\\/#primaryimage\"},\"image\":{\"@id\":\"https:\\\/\\\/friosistemas.es\\\/#primaryimage\"},\"thumbnailUrl\":\"https:\\\/\\\/friosistemas.es\\\/wp-content\\\/uploads\\\/elementor\\\/thumbs\\\/IMAGEN-Silvana-Gomezjurado-2-r356gyyz0q4bpima91wqicqbejluvdnjc5rwbil9p4.jpeg\",\"datePublished\":\"2025-03-20T12:05:13+00:00\",\"dateModified\":\"2025-04-07T13:55:36+00:00\",\"breadcrumb\":{\"@id\":\"https:\\\/\\\/friosistemas.es\\\/#breadcrumb\"},\"inLanguage\":\"en-GB\",\"potentialAction\":[{\"@type\":\"ReadAction\",\"target\":[\"https:\\\/\\\/friosistemas.es\\\/\"]}]},{\"@type\":\"ImageObject\",\"inLanguage\":\"en-GB\",\"@id\":\"https:\\\/\\\/friosistemas.es\\\/#primaryimage\",\"url\":\"https:\\\/\\\/friosistemas.es\\\/wp-content\\\/uploads\\\/elementor\\\/thumbs\\\/IMAGEN-Silvana-Gomezjurado-2-r356gyyz0q4bpima91wqicqbejluvdnjc5rwbil9p4.jpeg\",\"contentUrl\":\"https:\\\/\\\/friosistemas.es\\\/wp-content\\\/uploads\\\/elementor\\\/thumbs\\\/IMAGEN-Silvana-Gomezjurado-2-r356gyyz0q4bpima91wqicqbejluvdnjc5rwbil9p4.jpeg\"},{\"@type\":\"BreadcrumbList\",\"@id\":\"https:\\\/\\\/friosistemas.es\\\/#breadcrumb\",\"itemListElement\":[{\"@type\":\"ListItem\",\"position\":1,\"name\":\"Portada\",\"item\":\"https:\\\/\\\/friosistemas.es\\\/\"},{\"@type\":\"ListItem\",\"position\":2,\"name\":\"Inicio\"}]},{\"@type\":\"WebSite\",\"@id\":\"https:\\\/\\\/friosistemas.es\\\/#website\",\"url\":\"https:\\\/\\\/friosistemas.es\\\/\",\"name\":\"FRIO SISTEMAS\",\"description\":\"Ofrece soluciones integrales en climatizaci\u00f3n\",\"publisher\":{\"@id\":\"https:\\\/\\\/friosistemas.es\\\/#organization\"},\"potentialAction\":[{\"@type\":\"SearchAction\",\"target\":{\"@type\":\"EntryPoint\",\"urlTemplate\":\"https:\\\/\\\/friosistemas.es\\\/?s={search_term_string}\"},\"query-input\":{\"@type\":\"PropertyValueSpecification\",\"valueRequired\":true,\"valueName\":\"search_term_string\"}}],\"inLanguage\":\"en-GB\"},{\"@type\":\"Organization\",\"@id\":\"https:\\\/\\\/friosistemas.es\\\/#organization\",\"name\":\"FRIO SISTEMAS\",\"url\":\"https:\\\/\\\/friosistemas.es\\\/\",\"logo\":{\"@type\":\"ImageObject\",\"inLanguage\":\"en-GB\",\"@id\":\"https:\\\/\\\/friosistemas.es\\\/#\\\/schema\\\/logo\\\/image\\\/\",\"url\":\"https:\\\/\\\/friosistemas.es\\\/wp-content\\\/uploads\\\/2025\\\/03\\\/cropped-friosistemas-logo.png\",\"contentUrl\":\"https:\\\/\\\/friosistemas.es\\\/wp-content\\\/uploads\\\/2025\\\/03\\\/cropped-friosistemas-logo.png\",\"width\":1919,\"height\":794,\"caption\":\"FRIO SISTEMAS\"},\"image\":{\"@id\":\"https:\\\/\\\/friosistemas.es\\\/#\\\/schema\\\/logo\\\/image\\\/\"}}]}<\/script>\n<!-- \/ Yoast SEO plugin. -->","yoast_head_json":{"title":"Inicio - FRIO SISTEMAS","robots":{"index":"index","follow":"follow","max-snippet":"max-snippet:-1","max-image-preview":"max-image-preview:large","max-video-preview":"max-video-preview:-1"},"canonical":"https:\/\/friosistemas.es\/en\/","og_locale":"en_GB","og_type":"article","og_title":"Inicio - FRIO SISTEMAS","og_description":"\u00a1BIENVENIDO A FR\u00cdO SISTEMAS! Qui\u00e9nes Somos Con m\u00e1s de 40 a\u00f1os de experiencia en el sector de la climatizaci\u00f3n, ofrecemos soluciones integrales y personalizadas para proyectos industriales, comerciales y dom\u00e9sticos. Nos especializamos en la venta, instalaci\u00f3n, mantenimiento y reparaci\u00f3n de sistemas de climatizaci\u00f3n, incluyendo aires acondicionados, c\u00e1maras frigor\u00edficas, ventilaci\u00f3n y preinstalaciones t\u00e9rmicas. Nuestro compromiso es [&hellip;]","og_url":"https:\/\/friosistemas.es\/en\/","og_site_name":"FRIO SISTEMAS","article_modified_time":"2025-04-07T13:55:36+00:00","og_image":[{"url":"https:\/\/friosistemas.es\/wp-content\/uploads\/elementor\/thumbs\/IMAGEN-Silvana-Gomezjurado-2-r356gyyz0q4bpima91wqicqbejluvdnjc5rwbil9p4.jpeg","type":"","width":"","height":""}],"twitter_card":"summary_large_image","twitter_misc":{"Estimated reading time":"1 minute"},"schema":{"@context":"https:\/\/schema.org","@graph":[{"@type":"WebPage","@id":"https:\/\/friosistemas.es\/","url":"https:\/\/friosistemas.es\/","name":"Inicio - FRIO SISTEMAS","isPartOf":{"@id":"https:\/\/friosistemas.es\/#website"},"primaryImageOfPage":{"@id":"https:\/\/friosistemas.es\/#primaryimage"},"image":{"@id":"https:\/\/friosistemas.es\/#primaryimage"},"thumbnailUrl":"https:\/\/friosistemas.es\/wp-content\/uploads\/elementor\/thumbs\/IMAGEN-Silvana-Gomezjurado-2-r356gyyz0q4bpima91wqicqbejluvdnjc5rwbil9p4.jpeg","datePublished":"2025-03-20T12:05:13+00:00","dateModified":"2025-04-07T13:55:36+00:00","breadcrumb":{"@id":"https:\/\/friosistemas.es\/#breadcrumb"},"inLanguage":"en-GB","potentialAction":[{"@type":"ReadAction","target":["https:\/\/friosistemas.es\/"]}]},{"@type":"ImageObject","inLanguage":"en-GB","@id":"https:\/\/friosistemas.es\/#primaryimage","url":"https:\/\/friosistemas.es\/wp-content\/uploads\/elementor\/thumbs\/IMAGEN-Silvana-Gomezjurado-2-r356gyyz0q4bpima91wqicqbejluvdnjc5rwbil9p4.jpeg","contentUrl":"https:\/\/friosistemas.es\/wp-content\/uploads\/elementor\/thumbs\/IMAGEN-Silvana-Gomezjurado-2-r356gyyz0q4bpima91wqicqbejluvdnjc5rwbil9p4.jpeg"},{"@type":"BreadcrumbList","@id":"https:\/\/friosistemas.es\/#breadcrumb","itemListElement":[{"@type":"ListItem","position":1,"name":"Portada","item":"https:\/\/friosistemas.es\/"},{"@type":"ListItem","position":2,"name":"Inicio"}]},{"@type":"WebSite","@id":"https:\/\/friosistemas.es\/#website","url":"https:\/\/friosistemas.es\/","name":"FRIO SISTEMAS","description":"Ofrece soluciones integrales en climatizaci\u00f3n","publisher":{"@id":"https:\/\/friosistemas.es\/#organization"},"potentialAction":[{"@type":"SearchAction","target":{"@type":"EntryPoint","urlTemplate":"https:\/\/friosistemas.es\/?s={search_term_string}"},"query-input":{"@type":"PropertyValueSpecification","valueRequired":true,"valueName":"search_term_string"}}],"inLanguage":"en-GB"},{"@type":"Organization","@id":"https:\/\/friosistemas.es\/#organization","name":"FRIO SISTEMAS","url":"https:\/\/friosistemas.es\/","logo":{"@type":"ImageObject","inLanguage":"en-GB","@id":"https:\/\/friosistemas.es\/#\/schema\/logo\/image\/","url":"https:\/\/friosistemas.es\/wp-content\/uploads\/2025\/03\/cropped-friosistemas-logo.png","contentUrl":"https:\/\/friosistemas.es\/wp-content\/uploads\/2025\/03\/cropped-friosistemas-logo.png","width":1919,"height":794,"caption":"FRIO SISTEMAS"},"image":{"@id":"https:\/\/friosistemas.es\/#\/schema\/logo\/image\/"}}]}},"_links":{"self":[{"href":"https:\/\/friosistemas.es\/en\/wp-json\/wp\/v2\/pages\/19","targetHints":{"allow":["GET"]}}],"collection":[{"href":"https:\/\/friosistemas.es\/en\/wp-json\/wp\/v2\/pages"}],"about":[{"href":"https:\/\/friosistemas.es\/en\/wp-json\/wp\/v2\/types\/page"}],"author":[{"embeddable":true,"href":"https:\/\/friosistemas.es\/en\/wp-json\/wp\/v2\/users\/1"}],"replies":[{"embeddable":true,"href":"https:\/\/friosistemas.es\/en\/wp-json\/wp\/v2\/comments?post=19"}],"version-history":[{"count":152,"href":"https:\/\/friosistemas.es\/en\/wp-json\/wp\/v2\/pages\/19\/revisions"}],"predecessor-version":[{"id":620,"href":"https:\/\/friosistemas.es\/en\/wp-json\/wp\/v2\/pages\/19\/revisions\/620"}],"wp:attachment":[{"href":"https:\/\/friosistemas.es\/en\/wp-json\/wp\/v2\/media?parent=19"}],"curies":[{"name":"wp","href":"https:\/\/api.w.org\/{rel}","templated":true}]}}